{"id":145,"date":"2022-10-02T21:19:43","date_gmt":"2022-10-02T19:19:43","guid":{"rendered":"https:\/\/cathy-lecruble.fr\/?page_id=145"},"modified":"2025-12-05T19:40:58","modified_gmt":"2025-12-05T18:40:58","slug":"calendrier","status":"publish","type":"page","link":"https:\/\/cathy-lecruble.fr\/?page_id=145","title":{"rendered":"Calendrier"},"content":{"rendered":"\n<p>19\/09\/25 : <strong><em>Vie et oeuvres de<\/em><\/strong> <strong><em>Frida Kahlo<\/em><\/strong>, inscription <a href=\"https:\/\/mediatheque.saint-gregoire.fr\/\" data-type=\"link\" data-id=\"https:\/\/mediatheque.saint-gregoire.fr\/\">m\u00e9diath\u00e8que de St Gr\u00e9goire<\/a><\/p>\n\n\n\n<p>20\/09\/25 : <strong><em>La nuit \u00e9toil\u00e9e de Vincent Van Gogh<\/em><\/strong>, inscription <a href=\"https:\/\/www.lesmediatheques-rennesmetropole.fr\/bibliotheque\/rennes-landry\" data-type=\"link\" data-id=\"https:\/\/www.lesmediatheques-rennesmetropole.fr\/bibliotheque\/rennes-landry\">biblioth\u00e8que Le Landry<\/a><\/p>\n\n\n\n<p>20\/09\/25 : <strong><em>Matrimoine<\/em><\/strong> <strong><em>de Betton : une m\u00e9moire vivante<\/em><\/strong>, inscription <a href=\"https:\/\/www.mediathequebetton.fr\/\" data-type=\"link\" data-id=\"https:\/\/www.mediathequebetton.fr\/\">m\u00e9diath\u00e8que de Betton<\/a><\/p>\n\n\n\n<p>17\/10\/25 : <strong><em>Nature morte, l&rsquo;art du vivant<\/em><\/strong>, inscription <a href=\"https:\/\/www.mediathequebetton.fr\/\" data-type=\"link\" data-id=\"https:\/\/www.mediathequebetton.fr\/\">m\u00e9diath\u00e8que de Betton<\/a><\/p>\n\n\n\n<p>23\/10\/25 : <strong><em>L&rsquo;histoire de l&rsquo;art en jeu<\/em><\/strong>, <a href=\"https:\/\/www.mediathequebetton.fr\/agenda2\">atelier pour ados<\/a>, inscription <a href=\"https:\/\/www.mediathequebetton.fr\/\" data-type=\"link\" data-id=\"https:\/\/www.mediathequebetton.fr\/\">m\u00e9diath\u00e8que de Betton<\/a><\/p>\n\n\n\n<p>14\/11\/25 : <em><strong>Vernissage exposition Richard Dumas,<\/strong><\/em> La Confluence Betton<\/p>\n\n\n\n<p>05\/12\/25 : <strong><em>Vie et oeuvres de Georgia O&rsquo;Keeffe<\/em><\/strong>, UTL Bretagne Romantique (r\u00e9serv\u00e9 aux adh\u00e9rents)<\/p>\n\n\n\n<p>24\/01\/26 : <strong><em>Vie et oeuvres de Roy Lichtenstein,<\/em><\/strong>  <a href=\"https:\/\/www.lesmediatheques-rennesmetropole.fr\/bibliotheque\/rennes-landry\" data-type=\"link\" data-id=\"https:\/\/www.lesmediatheques-rennesmetropole.fr\/bibliotheque\/rennes-landry\">biblioth\u00e8que Le Landry<\/a><\/p>\n\n\n\n<p>30\/01\/26 : <em><strong>Conf\u00e9rence participative expo Richard Dumas,<\/strong><\/em> La Confluence Betton <a>mediationconfluence@betton.fr<\/a><\/p>\n\n\n\n<p>20\/02\/26 : <strong><em>Friedensreich Hundertwasser,<\/em><\/strong> inscription <a href=\"https:\/\/www.mediathequebetton.fr\/\" data-type=\"link\" data-id=\"https:\/\/www.mediathequebetton.fr\/\">m\u00e9diath\u00e8que de Betton<\/a><\/p>\n\n\n\n<p>13\/03\/26 : <strong><em>Femmes peintres,<\/em><\/strong> inscription m\u00e9diath\u00e8que de St Pierre des Corps<\/p>\n\n\n\n<p>25\/03 et 08\/04\/26 : Atelier cr\u00e9atif pour ados \u00ab\u00a0Portrait \u00e0 la mani\u00e8re de&#8230;\u00a0\u00bb inscription <a href=\"https:\/\/www.mediathequebetton.fr\/\" data-type=\"link\" data-id=\"https:\/\/www.mediathequebetton.fr\/\">m\u00e9diath\u00e8que de Betton<\/a><\/p>\n\n\n\n<p>12\/05\/26 : <strong><em>Vie et oeuvres d<\/em><\/strong>&lsquo;<strong><em>Edward Hopper<\/em><\/strong>, UTL du Pays de Pontivy (r\u00e9serv\u00e9 aux adh\u00e9rents)<\/p>\n\n\n\n<p>29\/05\/26 : <strong><em>Le Land Art<\/em><\/strong>, m\u00e9diath\u00e8que de Betton<\/p>\n\n\n\n<p>30\/05\/26 : <strong><em>Fait-divers,<\/em><\/strong> m\u00e9diath\u00e8que du Landry<\/p>\n","protected":false},"excerpt":{"rendered":"<p>19\/09\/25 : Vie et oeuvres de Frida Kahlo, inscription m\u00e9diath\u00e8que de St Gr\u00e9goire 20\/09\/25 : La nuit \u00e9toil\u00e9e de Vincent Van Gogh, inscription biblioth\u00e8que Le Landry 20\/09\/25 : Matrimoine de Betton : une m\u00e9moire vivante, inscription m\u00e9diath\u00e8que de Betton 17\/10\/25 : Nature morte, l&rsquo;art du vivant, inscription m\u00e9diath\u00e8que de Betton 23\/10\/25 : L&rsquo;histoire de l&rsquo;art [&hellip;]<\/p>\n","protected":false},"author":1,"featured_media":0,"parent":0,"menu_order":0,"comment_status":"closed","ping_status":"closed","template":"","meta":{"footnotes":""},"class_list":["post-145","page","type-page","status-publish","hentry"],"_links":{"self":[{"href":"https:\/\/cathy-lecruble.fr\/index.php?rest_route=\/wp\/v2\/pages\/145"}],"collection":[{"href":"https:\/\/cathy-lecruble.fr\/index.php?rest_route=\/wp\/v2\/pages"}],"about":[{"href":"https:\/\/cathy-lecruble.fr\/index.php?rest_route=\/wp\/v2\/types\/page"}],"author":[{"embeddable":true,"href":"https:\/\/cathy-lecruble.fr\/index.php?rest_route=\/wp\/v2\/users\/1"}],"replies":[{"embeddable":true,"href":"https:\/\/cathy-lecruble.fr\/index.php?rest_route=%2Fwp%2Fv2%2Fcomments&post=145"}],"version-history":[{"count":47,"href":"https:\/\/cathy-lecruble.fr\/index.php?rest_route=\/wp\/v2\/pages\/145\/revisions"}],"predecessor-version":[{"id":470,"href":"https:\/\/cathy-lecruble.fr\/index.php?rest_route=\/wp\/v2\/pages\/145\/revisions\/470"}],"wp:attachment":[{"href":"https:\/\/cathy-lecruble.fr\/index.php?rest_route=%2Fwp%2Fv2%2Fmedia&parent=145"}],"curies":[{"name":"wp","href":"https:\/\/api.w.org\/{rel}","templated":true}]}}