{"id":47,"date":"2021-05-28T22:28:33","date_gmt":"2021-05-28T20:28:33","guid":{"rendered":"https:\/\/cathy-lecruble.fr\/?page_id=47"},"modified":"2026-04-22T19:56:40","modified_gmt":"2026-04-22T17:56:40","slug":"presentation","status":"publish","type":"page","link":"https:\/\/cathy-lecruble.fr\/?page_id=47","title":{"rendered":"Pr\u00e9sentation"},"content":{"rendered":"\n<p class=\"has-text-align-left\">Cathy Lecruble, dipl\u00f4m\u00e9e de l&rsquo;\u00e9cole des Beaux-Arts, conf\u00e9renci\u00e8re en histoire de l&rsquo;art et m\u00e9diatrice culturelle, je propose une approche ludique et participative de la peinture.<\/p>\n\n\n\n<p>Je con\u00e7ois mes prestations comme de v\u00e9ritables <strong>moments de partage<\/strong>, o\u00f9 l\u2019on apprend en observant, en questionnant, en \u00e9changeant. Chaque tableau devient alors une histoire \u00e0 d\u00e9crypter ensemble. J&rsquo;invite le public \u00e0 exp\u00e9rimenter une autre mani\u00e8re de voir avec des techniques simples et des anecdotes \u00e9clairantes. Que vous soyez novice, curieux ou passionn\u00e9, vous repartirez avec un nouveau regard pour vos futures visites de mus\u00e9es.<\/p>\n\n\n\n<p>J\u2019aime croiser <strong>la rigueur de l\u2019histoire de l\u2019art<\/strong> et <strong>la simplicit\u00e9 de la rencontre humaine<\/strong> : une approche \u00e0 la fois sensible, p\u00e9dagogique et participative.<br>Que ce soit dans une m\u00e9diath\u00e8que, une universit\u00e9 du temps libre ou un lieu culturel, je souhaite avant tout <strong>donner \u00e0 chacun le go\u00fbt de regarder autrement<\/strong>, et l\u2019envie d\u2019aller \u00e0 la rencontre des \u0153uvres et des artistes avec curiosit\u00e9.<\/p>\n\n\n\n<p>Je propose \u00e9galement des <strong>ateliers pratiques destin\u00e9s aux pr\u00e9-ados et adolescents (\u00e0 partir de 11 ans)<\/strong>, o\u00f9 l\u2019histoire de l\u2019art devient un v\u00e9ritable <strong>jeu interactif<\/strong>. \u00c0 travers des activit\u00e9s ludiques et participatives, les jeunes d\u00e9couvrent l&rsquo;art, explorent les styles et techniques des grands artistes, et exp\u00e9rimentent eux-m\u00eames le plaisir de cr\u00e9er. Ces ateliers favorisent <strong>la curiosit\u00e9, l\u2019observation et l\u2019expression personnelle<\/strong>, tout en permettant d\u2019aborder l\u2019art de mani\u00e8re concr\u00e8te, dynamique et accessible.<\/p>\n\n\n\n<p><\/p>\n\n\n\n<p class=\"has-text-align-left\"><\/p>\n","protected":false},"excerpt":{"rendered":"<p>Cathy Lecruble, dipl\u00f4m\u00e9e de l&rsquo;\u00e9cole des Beaux-Arts, conf\u00e9renci\u00e8re en histoire de l&rsquo;art et m\u00e9diatrice culturelle, je propose une approche ludique et participative de la peinture. Je con\u00e7ois mes prestations comme de v\u00e9ritables moments de partage, o\u00f9 l\u2019on apprend en observant, en questionnant, en \u00e9changeant. Chaque tableau devient alors une histoire \u00e0 d\u00e9crypter ensemble. J&rsquo;invite le [&hellip;]<\/p>\n","protected":false},"author":1,"featured_media":491,"parent":0,"menu_order":0,"comment_status":"closed","ping_status":"closed","template":"","meta":{"footnotes":""},"class_list":["post-47","page","type-page","status-publish","has-post-thumbnail","hentry"],"_links":{"self":[{"href":"https:\/\/cathy-lecruble.fr\/index.php?rest_route=\/wp\/v2\/pages\/47"}],"collection":[{"href":"https:\/\/cathy-lecruble.fr\/index.php?rest_route=\/wp\/v2\/pages"}],"about":[{"href":"https:\/\/cathy-lecruble.fr\/index.php?rest_route=\/wp\/v2\/types\/page"}],"author":[{"embeddable":true,"href":"https:\/\/cathy-lecruble.fr\/index.php?rest_route=\/wp\/v2\/users\/1"}],"replies":[{"embeddable":true,"href":"https:\/\/cathy-lecruble.fr\/index.php?rest_route=%2Fwp%2Fv2%2Fcomments&post=47"}],"version-history":[{"count":12,"href":"https:\/\/cathy-lecruble.fr\/index.php?rest_route=\/wp\/v2\/pages\/47\/revisions"}],"predecessor-version":[{"id":441,"href":"https:\/\/cathy-lecruble.fr\/index.php?rest_route=\/wp\/v2\/pages\/47\/revisions\/441"}],"wp:featuredmedia":[{"embeddable":true,"href":"https:\/\/cathy-lecruble.fr\/index.php?rest_route=\/wp\/v2\/media\/491"}],"wp:attachment":[{"href":"https:\/\/cathy-lecruble.fr\/index.php?rest_route=%2Fwp%2Fv2%2Fmedia&parent=47"}],"curies":[{"name":"wp","href":"https:\/\/api.w.org\/{rel}","templated":true}]}}