{"id":56,"date":"2021-05-28T22:52:28","date_gmt":"2021-05-28T20:52:28","guid":{"rendered":"https:\/\/cathy-lecruble.fr\/?page_id=56"},"modified":"2025-10-25T22:51:51","modified_gmt":"2025-10-25T20:51:51","slug":"catalogue","status":"publish","type":"page","link":"https:\/\/cathy-lecruble.fr\/?page_id=56","title":{"rendered":"Catalogue"},"content":{"rendered":"\n<p class=\"has-normal-font-size\">Mon <strong>catalogue est r\u00e9guli\u00e8rement enrichi<\/strong> afin de proposer des contenus vari\u00e9s et adapt\u00e9s \u00e0 tous les publics.<br>Il comprend actuellement <strong>trois types de conf\u00e9rences<\/strong> :<\/p>\n\n\n\n<ul class=\"wp-block-list\">\n<li><strong>Analyse d\u2019un tableau<\/strong>, pour comprendre la composition, les techniques et le sens cach\u00e9 des \u0153uvres ;<\/li>\n\n\n\n<li><strong>D\u00e9couverte de la vie et de l\u2019\u0153uvre d\u2019un artiste<\/strong>, pour plonger dans le parcours et la cr\u00e9ation des grands noms de l\u2019histoire de l\u2019art ;<\/li>\n\n\n\n<li><strong>Conf\u00e9rences th\u00e9matiques<\/strong>, explorant un courant artistique, une p\u00e9riode ou une approche sp\u00e9cifique de mani\u00e8re ludique et participative.<\/li>\n<\/ul>\n\n\n\n<p>En compl\u00e9ment, je propose \u00e9galement des <strong>ateliers pratiques pour les pr\u00e9-ados et adolescents (\u00e0 partir de 11 ans)<\/strong>. <\/p>\n\n\n\n<p class=\"has-normal-font-size\">Les <strong>tarifs<\/strong> varient en fonction du type de lieu, du nombre de participants et des frais kilom\u00e9triques. <strong><a href=\"https:\/\/cathy-lecruble.fr\/?page_id=106\" data-type=\"page\" data-id=\"106\">Contactez-moi <\/a>pour un devis personnalis\u00e9<\/strong> et adapt\u00e9 \u00e0 votre projet.<\/p>\n\n\n\n<p><\/p>\n","protected":false},"excerpt":{"rendered":"<p>Mon catalogue est r\u00e9guli\u00e8rement enrichi afin de proposer des contenus vari\u00e9s et adapt\u00e9s \u00e0 tous les publics.Il comprend actuellement trois types de conf\u00e9rences : En compl\u00e9ment, je propose \u00e9galement des ateliers pratiques pour les pr\u00e9-ados et adolescents (\u00e0 partir de 11 ans). Les tarifs varient en fonction du type de lieu, du nombre de participants [&hellip;]<\/p>\n","protected":false},"author":1,"featured_media":0,"parent":0,"menu_order":0,"comment_status":"closed","ping_status":"closed","template":"","meta":{"footnotes":""},"class_list":["post-56","page","type-page","status-publish","hentry"],"_links":{"self":[{"href":"https:\/\/cathy-lecruble.fr\/index.php?rest_route=\/wp\/v2\/pages\/56"}],"collection":[{"href":"https:\/\/cathy-lecruble.fr\/index.php?rest_route=\/wp\/v2\/pages"}],"about":[{"href":"https:\/\/cathy-lecruble.fr\/index.php?rest_route=\/wp\/v2\/types\/page"}],"author":[{"embeddable":true,"href":"https:\/\/cathy-lecruble.fr\/index.php?rest_route=\/wp\/v2\/users\/1"}],"replies":[{"embeddable":true,"href":"https:\/\/cathy-lecruble.fr\/index.php?rest_route=%2Fwp%2Fv2%2Fcomments&post=56"}],"version-history":[{"count":28,"href":"https:\/\/cathy-lecruble.fr\/index.php?rest_route=\/wp\/v2\/pages\/56\/revisions"}],"predecessor-version":[{"id":447,"href":"https:\/\/cathy-lecruble.fr\/index.php?rest_route=\/wp\/v2\/pages\/56\/revisions\/447"}],"wp:attachment":[{"href":"https:\/\/cathy-lecruble.fr\/index.php?rest_route=%2Fwp%2Fv2%2Fmedia&parent=56"}],"curies":[{"name":"wp","href":"https:\/\/api.w.org\/{rel}","templated":true}]}}